{"id":30,"date":"2024-02-19T11:56:27","date_gmt":"2024-02-19T11:56:27","guid":{"rendered":"https:\/\/lafitapsico.cat\/?page_id=30"},"modified":"2026-03-10T10:29:05","modified_gmt":"2026-03-10T09:29:05","slug":"formacions","status":"publish","type":"page","link":"https:\/\/lafitapsico.cat\/es\/formacions\/","title":{"rendered":"Formaciones"},"content":{"rendered":"\t\t<div data-elementor-type=\"wp-page\" data-elementor-id=\"30\" class=\"elementor elementor-30\" data-elementor-post-type=\"page\">\n\t\t\t\t<div class=\"elementor-element elementor-element-4e179939 e-con-full e-flex e-con e-parent\" data-id=\"4e179939\" data-element_type=\"container\" data-e-type=\"container\" data-settings=\"{&quot;background_background&quot;:&quot;classic&quot;}\">\n\t\t\t\t<div class=\"elementor-element elementor-element-5e4a50e2 elementor-widget__width-initial elementor-widget-divider--view-line elementor-invisible elementor-widget elementor-widget-divider\" data-id=\"5e4a50e2\" data-element_type=\"widget\" data-e-type=\"widget\" data-settings=\"{&quot;_animation&quot;:&quot;bounceInLeft&quot;}\" data-widget_type=\"divider.default\">\n\t\t\t\t<div class=\"elementor-widget-container\">\n\t\t\t\t\t\t\t<div class=\"elementor-divider\">\n\t\t\t<span class=\"elementor-divider-separator\">\n\t\t\t\t\t\t<\/span>\n\t\t<\/div>\n\t\t\t\t\t\t<\/div>\n\t\t\t\t<\/div>\n\t\t\t\t<div class=\"elementor-element elementor-element-6c3f1dad elementor-widget__width-initial elementor-invisible elementor-widget elementor-widget-heading\" data-id=\"6c3f1dad\" data-element_type=\"widget\" data-e-type=\"widget\" data-settings=\"{&quot;_animation&quot;:&quot;bounceInRight&quot;}\" data-widget_type=\"heading.default\">\n\t\t\t\t<div class=\"elementor-widget-container\">\n\t\t\t\t\t<h2 class=\"elementor-heading-title elementor-size-default\">Formacions<\/h2>\t\t\t\t<\/div>\n\t\t\t\t<\/div>\n\t\t\t\t<\/div>\n\t\t<div class=\"elementor-element elementor-element-1909dfe0 e-flex e-con-boxed e-con e-parent\" data-id=\"1909dfe0\" data-element_type=\"container\" data-e-type=\"container\">\n\t\t\t\t\t<div class=\"e-con-inner\">\n\t\t\t\t<div class=\"elementor-element elementor-element-3250cda2 elementor-invisible elementor-widget elementor-widget-heading\" data-id=\"3250cda2\" data-element_type=\"widget\" data-e-type=\"widget\" data-settings=\"{&quot;_animation&quot;:&quot;bounceInLeft&quot;,&quot;_animation_mobile&quot;:&quot;fadeInUp&quot;}\" data-widget_type=\"heading.default\">\n\t\t\t\t<div class=\"elementor-widget-container\">\n\t\t\t\t\t<h2 class=\"elementor-heading-title elementor-size-default\">FOMENTANT UN AMBIENT POSITIU<\/h2>\t\t\t\t<\/div>\n\t\t\t\t<\/div>\n\t\t\t\t<div class=\"elementor-element elementor-element-0ef68ee elementor-widget__width-initial elementor-widget-divider--view-line elementor-invisible elementor-widget elementor-widget-divider\" data-id=\"0ef68ee\" data-element_type=\"widget\" data-e-type=\"widget\" data-settings=\"{&quot;_animation&quot;:&quot;bounceInLeft&quot;}\" data-widget_type=\"divider.default\">\n\t\t\t\t<div class=\"elementor-widget-container\">\n\t\t\t\t\t\t\t<div class=\"elementor-divider\">\n\t\t\t<span class=\"elementor-divider-separator\">\n\t\t\t\t\t\t<\/span>\n\t\t<\/div>\n\t\t\t\t\t\t<\/div>\n\t\t\t\t<\/div>\n\t\t\t\t<div class=\"elementor-element elementor-element-74458d0f elementor-invisible elementor-widget elementor-widget-heading\" data-id=\"74458d0f\" data-element_type=\"widget\" data-e-type=\"widget\" data-settings=\"{&quot;_animation&quot;:&quot;bounceInRight&quot;,&quot;_animation_mobile&quot;:&quot;fadeInUp&quot;}\" data-widget_type=\"heading.default\">\n\t\t\t\t<div class=\"elementor-widget-container\">\n\t\t\t\t\t<h2 class=\"elementor-heading-title elementor-size-default\">Formacions personalitzades per a la comunitat escolar i familiar<\/h2>\t\t\t\t<\/div>\n\t\t\t\t<\/div>\n\t\t\t\t\t<\/div>\n\t\t\t\t<\/div>\n\t\t<div class=\"elementor-element elementor-element-de1c2cf e-flex e-con-boxed e-con e-parent\" data-id=\"de1c2cf\" data-element_type=\"container\" data-e-type=\"container\">\n\t\t\t\t\t<div class=\"e-con-inner\">\n\t\t<div class=\"elementor-element elementor-element-f4432fa e-con-full e-flex e-con e-child\" data-id=\"f4432fa\" data-element_type=\"container\" data-e-type=\"container\">\n\t\t\t\t<div class=\"elementor-element elementor-element-1a4e7c7 elementor-invisible elementor-widget elementor-widget-text-editor\" data-id=\"1a4e7c7\" data-element_type=\"widget\" data-e-type=\"widget\" data-settings=\"{&quot;_animation&quot;:&quot;fadeInLeft&quot;,&quot;_animation_mobile&quot;:&quot;fadeInUp&quot;}\" data-widget_type=\"text-editor.default\">\n\t\t\t\t<div class=\"elementor-widget-container\">\n\t\t\t\t\t\t\t\t\t<p>Les nostres formacions proporcionen eines pr\u00e0ctiques i estrat\u00e8gies concretes per a professorat i fam\u00edlies encaminades a millorar en el desenvolupament de la seva activitat o la seva m(p)arentalitat. Entenem que cada grup t\u00e9 necessitats espec\u00edfiques, i per aix\u00f2 estem oberts a adaptar els continguts i el format de les formacions segons prefer\u00e8ncies i objectius.<\/p><p>\u00a0<\/p>\t\t\t\t\t\t\t\t<\/div>\n\t\t\t\t<\/div>\n\t\t\t\t<\/div>\n\t\t<div class=\"elementor-element elementor-element-2dbd4a0 e-con-full e-flex e-con e-child\" data-id=\"2dbd4a0\" data-element_type=\"container\" data-e-type=\"container\">\n\t\t\t\t<div class=\"elementor-element elementor-element-cae99eb elementor-widget elementor-widget-image\" data-id=\"cae99eb\" data-element_type=\"widget\" data-e-type=\"widget\" data-widget_type=\"image.default\">\n\t\t\t\t<div class=\"elementor-widget-container\">\n\t\t\t\t\t\t\t\t\t\t\t\t\t\t\t<img fetchpriority=\"high\" decoding=\"async\" width=\"1024\" height=\"576\" src=\"https:\/\/lafitapsico.cat\/wp-content\/uploads\/2024\/02\/FORMACIONS-1024x576.jpg\" class=\"attachment-large size-large wp-image-1533\" alt=\"\" srcset=\"https:\/\/lafitapsico.cat\/wp-content\/uploads\/2024\/02\/FORMACIONS-1024x576.jpg 1024w, https:\/\/lafitapsico.cat\/wp-content\/uploads\/2024\/02\/FORMACIONS-300x169.jpg 300w, https:\/\/lafitapsico.cat\/wp-content\/uploads\/2024\/02\/FORMACIONS-768x432.jpg 768w, https:\/\/lafitapsico.cat\/wp-content\/uploads\/2024\/02\/FORMACIONS-1536x864.jpg 1536w, https:\/\/lafitapsico.cat\/wp-content\/uploads\/2024\/02\/FORMACIONS.jpg 1920w\" sizes=\"(max-width: 1024px) 100vw, 1024px\" \/>\t\t\t\t\t\t\t\t\t\t\t\t\t\t\t<\/div>\n\t\t\t\t<\/div>\n\t\t\t\t<\/div>\n\t\t\t\t\t<\/div>\n\t\t\t\t<\/div>\n\t\t<div class=\"elementor-element elementor-element-031d58b e-flex e-con-boxed e-con e-parent\" data-id=\"031d58b\" data-element_type=\"container\" data-e-type=\"container\">\n\t\t\t\t\t<div class=\"e-con-inner\">\n\t\t\t\t<div class=\"elementor-element elementor-element-0e68cbf elementor-invisible elementor-widget elementor-widget-text-editor\" data-id=\"0e68cbf\" data-element_type=\"widget\" data-e-type=\"widget\" data-settings=\"{&quot;_animation&quot;:&quot;fadeInLeft&quot;,&quot;_animation_mobile&quot;:&quot;fadeInUp&quot;}\" data-widget_type=\"text-editor.default\">\n\t\t\t\t<div class=\"elementor-widget-container\">\n\t\t\t\t\t\t\t\t\t<p style=\"font-size: 18px; text-align: center;\">La nostra disponibilitat per adaptar i personalitzar les formacions reflecteix el nostre comprom\u00eds amb l\u2019aprenentatge continu i la col\u00b7laboraci\u00f3 amb la comunitat. Estem aqu\u00ed per ajudar-vos a cr\u00e9ixer i prosperar en els diferents rols que jugueu dins els microsistemes escolar i familiar.\u00a0<\/p><p style=\"font-size: 18px; text-align: center;\">Tenim una extensa experi\u00e8ncia formant docents i ajudant a les fam\u00edlies a comprendre les etapes evolutives dels seus fills\/es i les caracter\u00edstiques emocionals i relacionals d\u2019aquests en funci\u00f3 de la seva etapa educativa o de les seves caracter\u00edstiques individuals.<\/p>\t\t\t\t\t\t\t\t<\/div>\n\t\t\t\t<\/div>\n\t\t\t\t\t<\/div>\n\t\t\t\t<\/div>\n\t\t<div class=\"elementor-element elementor-element-70bb007 e-con-full e-flex e-con e-parent\" data-id=\"70bb007\" data-element_type=\"container\" data-e-type=\"container\" data-settings=\"{&quot;background_background&quot;:&quot;classic&quot;}\">\n\t\t<div class=\"elementor-element elementor-element-3ef1430 e-con-full e-flex e-con e-child\" data-id=\"3ef1430\" data-element_type=\"container\" data-e-type=\"container\" data-settings=\"{&quot;background_background&quot;:&quot;classic&quot;,&quot;animation&quot;:&quot;none&quot;}\">\n\t\t\t\t<div class=\"elementor-element elementor-element-8cff93b elementor-widget__width-initial elementor-widget-divider--view-line elementor-invisible elementor-widget elementor-widget-divider\" data-id=\"8cff93b\" data-element_type=\"widget\" data-e-type=\"widget\" data-settings=\"{&quot;_animation&quot;:&quot;bounceInLeft&quot;}\" data-widget_type=\"divider.default\">\n\t\t\t\t<div class=\"elementor-widget-container\">\n\t\t\t\t\t\t\t<div class=\"elementor-divider\">\n\t\t\t<span class=\"elementor-divider-separator\">\n\t\t\t\t\t\t<\/span>\n\t\t<\/div>\n\t\t\t\t\t\t<\/div>\n\t\t\t\t<\/div>\n\t\t\t\t<div class=\"elementor-element elementor-element-2317fdd elementor-widget__width-initial elementor-invisible elementor-widget elementor-widget-heading\" data-id=\"2317fdd\" data-element_type=\"widget\" data-e-type=\"widget\" data-settings=\"{&quot;_animation&quot;:&quot;bounceInRight&quot;}\" data-widget_type=\"heading.default\">\n\t\t\t\t<div class=\"elementor-widget-container\">\n\t\t\t\t\t<h2 class=\"elementor-heading-title elementor-size-default\">Solicita informaci\u00f3<\/h2>\t\t\t\t<\/div>\n\t\t\t\t<\/div>\n\t\t\t\t<div class=\"elementor-element elementor-element-06eff73 elementor-widget__width-initial elementor-widget-tablet__width-initial elementor-invisible elementor-widget elementor-widget-text-editor\" data-id=\"06eff73\" data-element_type=\"widget\" data-e-type=\"widget\" data-settings=\"{&quot;_animation&quot;:&quot;bounceInLeft&quot;}\" data-widget_type=\"text-editor.default\">\n\t\t\t\t<div class=\"elementor-widget-container\">\n\t\t\t\t\t\t\t\t\t<p>Completa el formulari sense comprom\u00eds i sol\u00b7licita informaci\u00f3 avui mateix.<\/p>\t\t\t\t\t\t\t\t<\/div>\n\t\t\t\t<\/div>\n\t\t\t\t<div class=\"elementor-element elementor-element-1973c82 elementor-widget__width-initial elementor-button-align-stretch elementor-invisible elementor-widget elementor-widget-form\" data-id=\"1973c82\" data-element_type=\"widget\" data-e-type=\"widget\" data-settings=\"{&quot;step_next_label&quot;:&quot;Next&quot;,&quot;step_previous_label&quot;:&quot;Previous&quot;,&quot;_animation&quot;:&quot;fadeInUp&quot;,&quot;button_width&quot;:&quot;100&quot;,&quot;step_type&quot;:&quot;number_text&quot;,&quot;step_icon_shape&quot;:&quot;circle&quot;}\" data-widget_type=\"form.default\">\n\t\t\t\t<div class=\"elementor-widget-container\">\n\t\t\t\t\t\t\t<form class=\"elementor-form\" method=\"post\" name=\"New Form\" aria-label=\"New Form\">\n\t\t\t<input type=\"hidden\" name=\"post_id\" value=\"30\"\/>\n\t\t\t<input type=\"hidden\" name=\"form_id\" value=\"1973c82\"\/>\n\t\t\t<input type=\"hidden\" name=\"referer_title\" value=\"Formacions - La Fita Psicologia\" \/>\n\n\t\t\t\t\t\t\t<input type=\"hidden\" name=\"queried_id\" value=\"30\"\/>\n\t\t\t\n\t\t\t<div class=\"elementor-form-fields-wrapper elementor-labels-above\">\n\t\t\t\t\t\t\t\t<div class=\"elementor-field-type-text elementor-field-group elementor-column elementor-field-group-name elementor-col-50 elementor-field-required\">\n\t\t\t\t\t\t\t\t\t\t\t\t\t<input size=\"1\" type=\"text\" name=\"form_fields[name]\" id=\"form-field-name\" class=\"elementor-field elementor-size-sm  elementor-field-textual\" placeholder=\"Nom\" required=\"required\">\n\t\t\t\t\t\t\t\t\t\t\t<\/div>\n\t\t\t\t\t\t\t\t<div class=\"elementor-field-type-tel elementor-field-group elementor-column elementor-field-group-name elementor-col-50 elementor-field-required\">\n\t\t\t\t\t\t\t<input size=\"1\" type=\"tel\" name=\"form_fields[name]\" id=\"form-field-name\" class=\"elementor-field elementor-size-sm  elementor-field-textual\" placeholder=\"Tel\u00e8fon\" required=\"required\" pattern=\"[0-9()#&amp;+*-=.]+\" title=\"Nom\u00e9s s&#039;accepten n\u00fameros i car\u00e0cters de tel\u00e8fon (#, -, *, etc.).\">\n\n\t\t\t\t\t\t<\/div>\n\t\t\t\t\t\t\t\t<div class=\"elementor-field-type-email elementor-field-group elementor-column elementor-field-group-email elementor-col-100 elementor-field-required\">\n\t\t\t\t\t\t\t\t\t\t\t\t\t<input size=\"1\" type=\"email\" name=\"form_fields[email]\" id=\"form-field-email\" class=\"elementor-field elementor-size-sm  elementor-field-textual\" placeholder=\"Correu elecr\u00f2nic\" required=\"required\">\n\t\t\t\t\t\t\t\t\t\t\t<\/div>\n\t\t\t\t\t\t\t\t<div class=\"elementor-field-type-textarea elementor-field-group elementor-column elementor-field-group-message elementor-col-100\">\n\t\t\t\t\t<textarea class=\"elementor-field-textual elementor-field  elementor-size-sm\" name=\"form_fields[message]\" id=\"form-field-message\" rows=\"4\" placeholder=\"Missatge\"><\/textarea>\t\t\t\t<\/div>\n\t\t\t\t\t\t\t\t<div class=\"elementor-field-type-acceptance elementor-field-group elementor-column elementor-field-group-field_3bc0d65 elementor-col-100 elementor-field-required\">\n\t\t\t\t\t\t\t<div class=\"elementor-field-subgroup\">\n\t\t\t<span class=\"elementor-field-option\">\n\t\t\t\t<input type=\"checkbox\" name=\"form_fields[field_3bc0d65]\" id=\"form-field-field_3bc0d65\" class=\"elementor-field elementor-size-sm  elementor-acceptance-field\" required=\"required\">\n\t\t\t\t<label for=\"form-field-field_3bc0d65\">Accepto la Pol\u00edtica de Privacitat<\/label>\t\t\t<\/span>\n\t\t<\/div>\n\t\t\t\t\t\t<\/div>\n\t\t\t\t\t\t\t\t<div class=\"elementor-field-type-text\">\n\t\t\t\t\t<input size=\"1\" type=\"text\" name=\"form_fields[field_448a546]\" id=\"form-field-field_448a546\" class=\"elementor-field elementor-size-sm \" style=\"display:none !important;\">\t\t\t\t<\/div>\n\t\t\t\t\t\t\t\t<div class=\"elementor-field-type-recaptcha_v3 elementor-field-group elementor-column elementor-field-group-field_3ee82ea elementor-col-100 recaptcha_v3-bottomleft\">\n\t\t\t\t\t<div class=\"elementor-field\" id=\"form-field-field_3ee82ea\"><div class=\"elementor-g-recaptcha\" data-sitekey=\"6Lf8wqQqAAAAABaLD5zCcrzF4kb5QfeKrmhRJmB5\" data-type=\"v3\" data-action=\"Form\" data-badge=\"bottomleft\" data-size=\"invisible\"><\/div><\/div>\t\t\t\t<\/div>\n\t\t\t\t\t\t\t\t<div class=\"elementor-field-group elementor-column elementor-field-type-submit elementor-col-100 e-form__buttons\">\n\t\t\t\t\t<button class=\"elementor-button elementor-size-sm elementor-animation-wobble-horizontal\" type=\"submit\">\n\t\t\t\t\t\t<span class=\"elementor-button-content-wrapper\">\n\t\t\t\t\t\t\t\t\t\t\t\t\t\t\t\t\t\t\t\t\t\t<span class=\"elementor-button-text\">Enviar<\/span>\n\t\t\t\t\t\t\t\t\t\t\t\t\t<\/span>\n\t\t\t\t\t<\/button>\n\t\t\t\t<\/div>\n\t\t\t<\/div>\n\t\t<\/form>\n\t\t\t\t\t\t<\/div>\n\t\t\t\t<\/div>\n\t\t\t\t<\/div>\n\t\t\t\t<\/div>\n\t\t\t\t<\/div>\n\t\t","protected":false},"excerpt":{"rendered":"<p>Formacions FOMENTANT UN AMBIENT POSITIU Formacions personalitzades per a la comunitat escolar i familiar Les nostres formacions proporcionen eines pr\u00e0ctiques [&hellip;]<\/p>\n","protected":false},"author":1,"featured_media":0,"parent":0,"menu_order":0,"comment_status":"closed","ping_status":"closed","template":"","meta":{"site-sidebar-layout":"no-sidebar","site-content-layout":"","ast-site-content-layout":"full-width-container","site-content-style":"default","site-sidebar-style":"default","ast-global-header-display":"","ast-banner-title-visibility":"","ast-main-header-display":"","ast-hfb-above-header-display":"","ast-hfb-below-header-display":"","ast-hfb-mobile-header-display":"","site-post-title":"disabled","ast-breadcrumbs-content":"","ast-featured-img":"disabled","footer-sml-layout":"","ast-disable-related-posts":"","theme-transparent-header-meta":"","adv-header-id-meta":"","stick-header-meta":"","header-above-stick-meta":"","header-main-stick-meta":"","header-below-stick-meta":"","astra-migrate-meta-layouts":"default","ast-page-background-enabled":"default","ast-page-background-meta":{"desktop":{"background-color":"var(--ast-global-color-4)","background-image":"","background-repeat":"repeat","background-position":"center center","background-size":"auto","background-attachment":"scroll","background-type":"","background-media":"","overlay-type":"","overlay-color":"","overlay-opacity":"","overlay-gradient":""},"tablet":{"background-color":"","background-image":"","background-repeat":"repeat","background-position":"center center","background-size":"auto","background-attachment":"scroll","background-type":"","background-media":"","overlay-type":"","overlay-color":"","overlay-opacity":"","overlay-gradient":""},"mobile":{"background-color":"","background-image":"","background-repeat":"repeat","background-position":"center center","background-size":"auto","background-attachment":"scroll","background-type":"","background-media":"","overlay-type":"","overlay-color":"","overlay-opacity":"","overlay-gradient":""}},"ast-content-background-meta":{"desktop":{"background-color":"var(--ast-global-color-5)","background-image":"","background-repeat":"repeat","background-position":"center center","background-size":"auto","background-attachment":"scroll","background-type":"","background-media":"","overlay-type":"","overlay-color":"","overlay-opacity":"","overlay-gradient":""},"tablet":{"background-color":"var(--ast-global-color-5)","background-image":"","background-repeat":"repeat","background-position":"center center","background-size":"auto","background-attachment":"scroll","background-type":"","background-media":"","overlay-type":"","overlay-color":"","overlay-opacity":"","overlay-gradient":""},"mobile":{"background-color":"var(--ast-global-color-5)","background-image":"","background-repeat":"repeat","background-position":"center center","background-size":"auto","background-attachment":"scroll","background-type":"","background-media":"","overlay-type":"","overlay-color":"","overlay-opacity":"","overlay-gradient":""}},"footnotes":""},"class_list":["post-30","page","type-page","status-publish","hentry"],"yoast_head":"<!-- This site is optimized with the Yoast SEO plugin v27.0 - https:\/\/yoast.com\/product\/yoast-seo-wordpress\/ -->\n<title>Formacions - La Fita Psicologia<\/title>\n<meta name=\"robots\" content=\"index, follow, max-snippet:-1, max-image-preview:large, max-video-preview:-1\" \/>\n<link rel=\"canonical\" href=\"https:\/\/lafitapsico.cat\/es\/formacions\/\" \/>\n<meta property=\"og:locale\" content=\"es_ES\" \/>\n<meta property=\"og:type\" content=\"article\" \/>\n<meta property=\"og:title\" content=\"Formacions - La Fita Psicologia\" \/>\n<meta property=\"og:description\" content=\"Formacions FOMENTANT UN AMBIENT POSITIU Formacions personalitzades per a la comunitat escolar i familiar Les nostres formacions proporcionen eines pr\u00e0ctiques [&hellip;]\" \/>\n<meta property=\"og:url\" content=\"https:\/\/lafitapsico.cat\/es\/formacions\/\" \/>\n<meta property=\"og:site_name\" content=\"La Fita Psicologia\" \/>\n<meta property=\"article:modified_time\" content=\"2026-03-10T09:29:05+00:00\" \/>\n<meta property=\"og:image\" content=\"https:\/\/lafitapsico.cat\/wp-content\/uploads\/2024\/02\/FORMACIONS.jpg\" \/>\n\t<meta property=\"og:image:width\" content=\"1920\" \/>\n\t<meta property=\"og:image:height\" content=\"1080\" \/>\n\t<meta property=\"og:image:type\" content=\"image\/jpeg\" \/>\n<meta name=\"twitter:card\" content=\"summary_large_image\" \/>\n<meta name=\"twitter:label1\" content=\"Tiempo de lectura\" \/>\n\t<meta name=\"twitter:data1\" content=\"1 minuto\" \/>\n<script type=\"application\/ld+json\" class=\"yoast-schema-graph\">{\"@context\":\"https:\/\/schema.org\",\"@graph\":[{\"@type\":\"WebPage\",\"@id\":\"https:\/\/lafitapsico.cat\/formacions\/\",\"url\":\"https:\/\/lafitapsico.cat\/formacions\/\",\"name\":\"Formacions - La Fita Psicologia\",\"isPartOf\":{\"@id\":\"https:\/\/lafitapsico.cat\/#website\"},\"primaryImageOfPage\":{\"@id\":\"https:\/\/lafitapsico.cat\/formacions\/#primaryimage\"},\"image\":{\"@id\":\"https:\/\/lafitapsico.cat\/formacions\/#primaryimage\"},\"thumbnailUrl\":\"https:\/\/lafitapsico.cat\/wp-content\/uploads\/2024\/02\/FORMACIONS-1024x576.jpg\",\"datePublished\":\"2024-02-19T11:56:27+00:00\",\"dateModified\":\"2026-03-10T09:29:05+00:00\",\"breadcrumb\":{\"@id\":\"https:\/\/lafitapsico.cat\/formacions\/#breadcrumb\"},\"inLanguage\":\"es\",\"potentialAction\":[{\"@type\":\"ReadAction\",\"target\":[\"https:\/\/lafitapsico.cat\/formacions\/\"]}]},{\"@type\":\"ImageObject\",\"inLanguage\":\"es\",\"@id\":\"https:\/\/lafitapsico.cat\/formacions\/#primaryimage\",\"url\":\"https:\/\/lafitapsico.cat\/wp-content\/uploads\/2024\/02\/FORMACIONS-1024x576.jpg\",\"contentUrl\":\"https:\/\/lafitapsico.cat\/wp-content\/uploads\/2024\/02\/FORMACIONS-1024x576.jpg\"},{\"@type\":\"BreadcrumbList\",\"@id\":\"https:\/\/lafitapsico.cat\/formacions\/#breadcrumb\",\"itemListElement\":[{\"@type\":\"ListItem\",\"position\":1,\"name\":\"Portada\",\"item\":\"https:\/\/lafitapsico.cat\/\"},{\"@type\":\"ListItem\",\"position\":2,\"name\":\"Formacions\"}]},{\"@type\":\"WebSite\",\"@id\":\"https:\/\/lafitapsico.cat\/#website\",\"url\":\"https:\/\/lafitapsico.cat\/\",\"name\":\"La Fita Psicologia\",\"description\":\"Cam\u00ed cap al benenestar emocional i equilibri personal\",\"publisher\":{\"@id\":\"https:\/\/lafitapsico.cat\/#organization\"},\"potentialAction\":[{\"@type\":\"SearchAction\",\"target\":{\"@type\":\"EntryPoint\",\"urlTemplate\":\"https:\/\/lafitapsico.cat\/?s={search_term_string}\"},\"query-input\":{\"@type\":\"PropertyValueSpecification\",\"valueRequired\":true,\"valueName\":\"search_term_string\"}}],\"inLanguage\":\"es\"},{\"@type\":\"Organization\",\"@id\":\"https:\/\/lafitapsico.cat\/#organization\",\"name\":\"La Fita Psicologia\",\"url\":\"https:\/\/lafitapsico.cat\/\",\"logo\":{\"@type\":\"ImageObject\",\"inLanguage\":\"es\",\"@id\":\"https:\/\/lafitapsico.cat\/#\/schema\/logo\/image\/\",\"url\":\"https:\/\/lafitapsico.cat\/wp-content\/uploads\/2024\/02\/La-Fita-Psicologia.webp\",\"contentUrl\":\"https:\/\/lafitapsico.cat\/wp-content\/uploads\/2024\/02\/La-Fita-Psicologia.webp\",\"width\":650,\"height\":254,\"caption\":\"La Fita Psicologia\"},\"image\":{\"@id\":\"https:\/\/lafitapsico.cat\/#\/schema\/logo\/image\/\"}}]}<\/script>\n<!-- \/ Yoast SEO plugin. -->","yoast_head_json":{"title":"Formacions - La Fita Psicologia","robots":{"index":"index","follow":"follow","max-snippet":"max-snippet:-1","max-image-preview":"max-image-preview:large","max-video-preview":"max-video-preview:-1"},"canonical":"https:\/\/lafitapsico.cat\/es\/formacions\/","og_locale":"es_ES","og_type":"article","og_title":"Formacions - La Fita Psicologia","og_description":"Formacions FOMENTANT UN AMBIENT POSITIU Formacions personalitzades per a la comunitat escolar i familiar Les nostres formacions proporcionen eines pr\u00e0ctiques [&hellip;]","og_url":"https:\/\/lafitapsico.cat\/es\/formacions\/","og_site_name":"La Fita Psicologia","article_modified_time":"2026-03-10T09:29:05+00:00","og_image":[{"width":1920,"height":1080,"url":"https:\/\/lafitapsico.cat\/wp-content\/uploads\/2024\/02\/FORMACIONS.jpg","type":"image\/jpeg"}],"twitter_card":"summary_large_image","twitter_misc":{"Tiempo de lectura":"1 minuto"},"schema":{"@context":"https:\/\/schema.org","@graph":[{"@type":"WebPage","@id":"https:\/\/lafitapsico.cat\/formacions\/","url":"https:\/\/lafitapsico.cat\/formacions\/","name":"Formacions - La Fita Psicologia","isPartOf":{"@id":"https:\/\/lafitapsico.cat\/#website"},"primaryImageOfPage":{"@id":"https:\/\/lafitapsico.cat\/formacions\/#primaryimage"},"image":{"@id":"https:\/\/lafitapsico.cat\/formacions\/#primaryimage"},"thumbnailUrl":"https:\/\/lafitapsico.cat\/wp-content\/uploads\/2024\/02\/FORMACIONS-1024x576.jpg","datePublished":"2024-02-19T11:56:27+00:00","dateModified":"2026-03-10T09:29:05+00:00","breadcrumb":{"@id":"https:\/\/lafitapsico.cat\/formacions\/#breadcrumb"},"inLanguage":"es","potentialAction":[{"@type":"ReadAction","target":["https:\/\/lafitapsico.cat\/formacions\/"]}]},{"@type":"ImageObject","inLanguage":"es","@id":"https:\/\/lafitapsico.cat\/formacions\/#primaryimage","url":"https:\/\/lafitapsico.cat\/wp-content\/uploads\/2024\/02\/FORMACIONS-1024x576.jpg","contentUrl":"https:\/\/lafitapsico.cat\/wp-content\/uploads\/2024\/02\/FORMACIONS-1024x576.jpg"},{"@type":"BreadcrumbList","@id":"https:\/\/lafitapsico.cat\/formacions\/#breadcrumb","itemListElement":[{"@type":"ListItem","position":1,"name":"Portada","item":"https:\/\/lafitapsico.cat\/"},{"@type":"ListItem","position":2,"name":"Formacions"}]},{"@type":"WebSite","@id":"https:\/\/lafitapsico.cat\/#website","url":"https:\/\/lafitapsico.cat\/","name":"La Fita Psicologia","description":"Cam\u00ed cap al benenestar emocional i equilibri personal","publisher":{"@id":"https:\/\/lafitapsico.cat\/#organization"},"potentialAction":[{"@type":"SearchAction","target":{"@type":"EntryPoint","urlTemplate":"https:\/\/lafitapsico.cat\/?s={search_term_string}"},"query-input":{"@type":"PropertyValueSpecification","valueRequired":true,"valueName":"search_term_string"}}],"inLanguage":"es"},{"@type":"Organization","@id":"https:\/\/lafitapsico.cat\/#organization","name":"La Fita Psicologia","url":"https:\/\/lafitapsico.cat\/","logo":{"@type":"ImageObject","inLanguage":"es","@id":"https:\/\/lafitapsico.cat\/#\/schema\/logo\/image\/","url":"https:\/\/lafitapsico.cat\/wp-content\/uploads\/2024\/02\/La-Fita-Psicologia.webp","contentUrl":"https:\/\/lafitapsico.cat\/wp-content\/uploads\/2024\/02\/La-Fita-Psicologia.webp","width":650,"height":254,"caption":"La Fita Psicologia"},"image":{"@id":"https:\/\/lafitapsico.cat\/#\/schema\/logo\/image\/"}}]}},"_links":{"self":[{"href":"https:\/\/lafitapsico.cat\/es\/wp-json\/wp\/v2\/pages\/30","targetHints":{"allow":["GET"]}}],"collection":[{"href":"https:\/\/lafitapsico.cat\/es\/wp-json\/wp\/v2\/pages"}],"about":[{"href":"https:\/\/lafitapsico.cat\/es\/wp-json\/wp\/v2\/types\/page"}],"author":[{"embeddable":true,"href":"https:\/\/lafitapsico.cat\/es\/wp-json\/wp\/v2\/users\/1"}],"replies":[{"embeddable":true,"href":"https:\/\/lafitapsico.cat\/es\/wp-json\/wp\/v2\/comments?post=30"}],"version-history":[{"count":136,"href":"https:\/\/lafitapsico.cat\/es\/wp-json\/wp\/v2\/pages\/30\/revisions"}],"predecessor-version":[{"id":1983,"href":"https:\/\/lafitapsico.cat\/es\/wp-json\/wp\/v2\/pages\/30\/revisions\/1983"}],"wp:attachment":[{"href":"https:\/\/lafitapsico.cat\/es\/wp-json\/wp\/v2\/media?parent=30"}],"curies":[{"name":"wp","href":"https:\/\/api.w.org\/{rel}","templated":true}]}}